{"id":32,"date":"2017-10-31T07:44:25","date_gmt":"2017-10-31T07:44:25","guid":{"rendered":"http:\/\/demo2.drfuri.com\/manufactory\/?page_id=32"},"modified":"2023-05-26T14:57:55","modified_gmt":"2023-05-26T11:57:55","slug":"hakkimizda","status":"publish","type":"page","link":"https:\/\/rentex.com.tr\/en\/hakkimizda\/","title":{"rendered":"About Us"},"content":{"rendered":"<section class=\"wpb-content-wrapper\"><div class=\"vc_row wpb_row vc_row-fluid\"><div class=\"container\"><div class=\"row\"><div class=\"wpb_column vc_column_container vc_col-sm-12\"><div class=\"vc_column-inner\"><div class=\"wpb_wrapper\"><div class=\"mf-empty-space\" style=\"\"><div class=\"mf_empty_space_lg\"  style=\"height: 80px\"><\/div><div class=\"mf_empty_space_md\"  style=\"height: 50px\"><\/div><div class=\"mf_empty_space_xs\"  style=\"height: 50px\"><\/div><\/div><div class=\"mf-section-title text-center dark large-size\"><h2 >About Us<\/h2><\/div><div class=\"mf-empty-space\" style=\"\"><div class=\"mf_empty_space_lg\"  style=\"height: 80px\"><\/div><div class=\"mf_empty_space_md\"  style=\"height: 50px\"><\/div><div class=\"mf_empty_space_xs\"  style=\"height: 50px\"><\/div><\/div><\/div><\/div><\/div><\/div><\/div><\/div><div class=\"vc_row wpb_row vc_row-fluid\"><div class=\"container\"><div class=\"row\"><div class=\"wpb_column vc_column_container vc_col-sm-12 vc_col-lg-4 vc_col-md-12\"><div class=\"vc_column-inner\"><div class=\"wpb_wrapper\">\n\t<div  class=\"wpb_single_image wpb_content_element vc_align_left\">\n\t\t\n\t\t<figure class=\"wpb_wrapper vc_figure\">\n\t\t\t<div class=\"vc_single_image-wrapper   vc_box_border_grey\"><img loading=\"lazy\" decoding=\"async\" class=\"vc_single_image-img\" src=\"https:\/\/rentex.com.tr\/wp-content\/uploads\/2023\/05\/photo-41-scaled-370x360.jpg\" width=\"370\" height=\"360\" alt=\"photo-41\" title=\"photo-41\" \/><\/div>\n\t\t<\/figure>\n\t<\/div>\n<div class=\"mf-empty-space\" style=\"\"><div class=\"mf_empty_space_lg\"  style=\"height: 50px\"><\/div><div class=\"mf_empty_space_md\"  style=\"height: 30px\"><\/div><div class=\"mf_empty_space_xs\"  style=\"height: 30px\"><\/div><\/div><\/div><\/div><\/div><div class=\"wpb_column vc_column_container vc_col-sm-12 vc_col-lg-4 vc_col-md-12\"><div class=\"vc_column-inner\"><div class=\"wpb_wrapper\"><h2 style=\"font-size: 20px;text-align: left\" class=\"vc_custom_heading fw-medium vc_custom_1684880291286\" >As one of the leading companies in the real estate sector, we offer special solutions for each of our customers.<\/h2><div class=\"mf-empty-space\" style=\"\"><div class=\"mf_empty_space_lg\"  style=\"height: 20px\"><\/div><div class=\"mf_empty_space_md\"  style=\"height: 20px\"><\/div><div class=\"mf_empty_space_xs\"  style=\"height: 20px\"><\/div><\/div>\n\t<div class=\"wpb_text_column wpb_content_element\" >\n\t\t<div class=\"wpb_wrapper\">\n\t\t\t<p>Rentex Real Estate combines expertise, innovation and a deep understanding of market dynamics to bring innovative and different perspectives to the modernizing construction industry, identify profitable investment opportunities and turn them into successful developments. Trust the vision of Rentex Gayrimenkul, which does not compromise on business quality as you navigate the exciting world of real estate investment and development.<\/p>\n\n\t\t<\/div>\n\t<\/div>\n<div class=\"mf-empty-space\" style=\"\"><div class=\"mf_empty_space_lg\"  style=\"height: 25px\"><\/div><div class=\"mf_empty_space_md\"  style=\"height: 25px\"><\/div><div class=\"mf_empty_space_xs\"  style=\"height: 25px\"><\/div><\/div>\n\t<div class=\"wpb_text_column wpb_content_element\" >\n\t\t<div class=\"wpb_wrapper\">\n\t\t\t<div style=\"font-size: 20px; font-weight: 500; color: #393939;\">Co Founder<\/div>\n<div class=\"main-color\" style=\"font-weight: 400;\">\n<p>Oktay Bas\u0327tanog\u0306lu ve Do\u011fan K\u00f6se<\/p>\n<\/div>\n\n\t\t<\/div>\n\t<\/div>\n<div class=\"mf-empty-space\" style=\"\"><div class=\"mf_empty_space_lg\"  style=\"height: 50px\"><\/div><div class=\"mf_empty_space_md\"  style=\"height: 30px\"><\/div><div class=\"mf_empty_space_xs\"  style=\"height: 30px\"><\/div><\/div><\/div><\/div><\/div><div class=\"wpb_column vc_column_container vc_col-sm-12 vc_col-lg-4 vc_col-md-12\"><div class=\"vc_column-inner\"><div class=\"wpb_wrapper\"><div class=\"vc_tta-container\" data-vc-action=\"collapse\"><div class=\"vc_general vc_tta vc_tta-accordion vc_tta-color-white vc_tta-style-flat vc_tta-shape-square vc_tta-o-shape-group vc_tta-controls-align-left\"><div class=\"vc_tta-panels-container\"><div class=\"vc_tta-panels\"><div class=\"vc_tta-panel\" id=\"1508747151686-14cd83fe-86c0\" data-vc-content=\".vc_tta-panel-body\"><div class=\"vc_tta-panel-heading\"><h4 class=\"vc_tta-panel-title vc_tta-controls-icon-position-left\"><a href=\"#1508747151686-14cd83fe-86c0\" data-vc-accordion data-vc-container=\".vc_tta-container\"><span class=\"vc_tta-title-text\">Who are we?<\/span><i class=\"vc_tta-controls-icon vc_tta-controls-icon-chevron\"><\/i><\/a><\/h4><\/div><div class=\"vc_tta-panel-body\">\n\t<div class=\"wpb_text_column wpb_content_element\" >\n\t\t<div class=\"wpb_wrapper\">\n\t\t\t<div class=\"page\" title=\"Page 3\">\n<div class=\"layoutArea\">\n<div class=\"column\">\n<p>Rentex, Tu\u0308rkiye ve Amerika Birles\u0327ik Devletleri\u2019nde kurulu s\u0327irketleri ile gayrimenkul yat\u0131r\u0131m ve gelis\u0327tirme sekto\u0308ru\u0308nde faaliyet go\u0308steren %100 Tu\u0308rk sermayeli bir s\u0327irketler grubudur.<\/p>\n<\/div>\n<\/div>\n<\/div>\n\n\t\t<\/div>\n\t<\/div>\n<\/div><\/div><div class=\"vc_tta-panel vc_active\" id=\"1508747188911-376a52e4-45e9\" data-vc-content=\".vc_tta-panel-body\"><div class=\"vc_tta-panel-heading\"><h4 class=\"vc_tta-panel-title vc_tta-controls-icon-position-left\"><a href=\"#1508747188911-376a52e4-45e9\" data-vc-accordion data-vc-container=\".vc_tta-container\"><span class=\"vc_tta-title-text\">Mission<\/span><i class=\"vc_tta-controls-icon vc_tta-controls-icon-chevron\"><\/i><\/a><\/h4><\/div><div class=\"vc_tta-panel-body\">\n\t<div class=\"wpb_text_column wpb_content_element\" >\n\t\t<div class=\"wpb_wrapper\">\n\t\t\t<div class=\"page\" title=\"Page 3\">\n<div class=\"layoutArea\">\n<div class=\"column\">\n<p>The primary goal of the group, managed by its founding partners Oktay Ba\u015ftano\u011flu and Do\u011fan K\u00f6se, is to create real estate projects with long-term lease contracts that serve the organized retail sector.<\/p>\n<\/div>\n<\/div>\n<\/div>\n\n\t\t<\/div>\n\t<\/div>\n<\/div><\/div><div class=\"vc_tta-panel\" id=\"1508747186558-5a68f830-d129\" data-vc-content=\".vc_tta-panel-body\"><div class=\"vc_tta-panel-heading\"><h4 class=\"vc_tta-panel-title vc_tta-controls-icon-position-left\"><a href=\"#1508747186558-5a68f830-d129\" data-vc-accordion data-vc-container=\".vc_tta-container\"><span class=\"vc_tta-title-text\">Vision<\/span><i class=\"vc_tta-controls-icon vc_tta-controls-icon-chevron\"><\/i><\/a><\/h4><\/div><div class=\"vc_tta-panel-body\">\n\t<div class=\"wpb_text_column wpb_content_element\" >\n\t\t<div class=\"wpb_wrapper\">\n\t\t\t<p class=\"p1\">The projects created by Retailors using a 'tailor-made' working methodology were achieved as shopping centres, retail parks and standalone (single tenant) retail buildings. They were sold to both domestic and foreign real estate funds.<\/p>\n\n\t\t<\/div>\n\t<\/div>\n<\/div><\/div><\/div><\/div><\/div><\/div><div class=\"mf-empty-space\" style=\"\"><div class=\"mf_empty_space_lg\"  style=\"height: 50px\"><\/div><div class=\"mf_empty_space_md\"  style=\"height: 30px\"><\/div><div class=\"mf_empty_space_xs\"  style=\"height: 30px\"><\/div><\/div><\/div><\/div><\/div><\/div><\/div><\/div><div class=\"vc_row wpb_row vc_row-fluid vc_custom_1508747702557 vc_row-has-fill\"><div class=\"container\"><div class=\"row\"><div class=\"wpb_column vc_column_container vc_col-sm-12\"><div class=\"vc_column-inner\"><div class=\"wpb_wrapper\"><div class=\"mf-empty-space\" style=\"\"><div class=\"mf_empty_space_lg\"  style=\"height: 80px\"><\/div><div class=\"mf_empty_space_md\"  style=\"height: 50px\"><\/div><div class=\"mf_empty_space_xs\"  style=\"height: 50px\"><\/div><\/div><div class=\"mf-section-title text-left dark large-size\"><h2 >References and Asset Portfolio<\/h2><\/div><div class=\"mf-history\">\n            <div class=\"history-list owl-carousel\" id=\"history-slider-69e72e4ce0cc1\"><div class=\"history-group\"><div class=\"history\"><div class=\"date\">References<\/div><div class=\"history-content\"><h3 class=\"title\">Mavibah\u00e7e Shopping and Life Centre<\/h3><div class=\"history-desc\"><p>Founded in both Turkey and the United States, Retailors (Rentex) is a group of businesses that operates in the real estate investment and development market. Managed by its founding partners Bar\u0131\u015f Er, Oktay Ba\u015ftano\u011flu, Koray Yi\u011fit and Sel\u00e7uk I\u015f\u0131k, the primary goal of the group is to create real estate projects with long-term lease contracts serving the organised retail sector.<\/p><\/div><\/div><\/div><div class=\"history\"><div class=\"date\">References<\/div><div class=\"history-content\"><h3 class=\"title\">Selway Outlet Park<\/h3><div class=\"history-desc\"><p>The Group purchased Selway Outlet Park in 2009, operated it for about three years, and changed the tenant mix. The rental revenue was sold when it was made long-term viable.<\/p><\/div><\/div><\/div><\/div><div class=\"history-group\"><div class=\"history\"><div class=\"date\">Asset Portfolio<\/div><div class=\"history-content\"><h3 class=\"title\">Rolling Meadows Outlots<\/h3><div class=\"history-desc\"><p>Location GLA Tenants\n1450 Golf Road, Rolling Meadows, IL\n33,941 SF\nThe Mug Coffee, Uni-Hair, Panda Express, American Mattress, H&amp;R Block, Sushi Station, Fair Price Tobacco, GameStop, LA Tan, Bigby\u2019s, Asian Tokyo, Phan Lee, Great Clips, GNC, Alexian Brothers Health System, Helping Hands<\/p><\/div><\/div><\/div><div class=\"history\"><div class=\"date\">Asset Portfolio<\/div><div class=\"history-content\"><h3 class=\"title\">High Grove Plaza<\/h3><div class=\"history-desc\"><p>Location GLA Tenants\nRoute 59, Naperville, IL\n70,830 SF\nBabies R Us, Golf Galaxy, Star Total Printing, Arthur Murray, On The Border<\/p><\/div><\/div><\/div><\/div><div class=\"history-group\"><div class=\"history\"><div class=\"date\">Asset Portfolio<\/div><div class=\"history-content\"><h3 class=\"title\">Golf Center<\/h3><div class=\"history-desc\"><p>Location GLA Tenants\n697 E Golf Road,Schaumburg, IL\n18,997 SF\nThe Vitamin Shoppe, New Balance, Precor Home Fitness, Cycle Gear, Sushi City<\/p><\/div><\/div><\/div><div class=\"history\"><div class=\"date\">Asset Portfolio<\/div><div class=\"history-content\"><h3 class=\"title\">Meacham Square<\/h3><div class=\"history-desc\"><p>Location GLA Tenants\n1420 N Meacham Road, Schaumburg, IL\n11,479 SF\nJimmy Johns, Einstein Bros. Bagels, Five Guys, The Joint, Pie Five Pizza Co.<\/p><\/div><\/div><\/div><\/div><div class=\"history-group\"><div class=\"history\"><div class=\"date\">Asset Portfolio<\/div><div class=\"history-content\"><h3 class=\"title\">Fox Walley Walk<\/h3><div class=\"history-desc\"><p>Location GLA Kirac\u0131lar\n4430 Fox Valley Center Drive, Aurora, IL\n15,510 SF\nNaf-Naf Grill, Modern Tuxedo, Premier Physical Therapy, Sushi+, T Mobile, Jamba Juice<\/p><\/div><\/div><\/div><div class=\"history\"><div class=\"date\">Asset Portfolio<\/div><div class=\"history-content\"><h3 class=\"title\">K\u0131rkland Crossing<\/h3><div class=\"history-desc\"><p>Location GLA Kirac\u0131lar\n2933 Kirk Road, Aurora, IL 14,349 SF\nDunkin Donuts, Mimi\u2019s Froya, Sprint, Papa Saverio\u2019s, Subway, Wang\u2019s Garden, Pockets, Batteries Plus, Kirk Dental<\/p><\/div><\/div><\/div><\/div><div class=\"history-group\"><div class=\"history\"><div class=\"date\">Asset Portfolio<\/div><div class=\"history-content\"><h3 class=\"title\">Bloomingdale Plaza<\/h3><div class=\"history-desc\"><p>Location GLA Kirac\u0131lar\n167-217 E Army Trail Road, Glendale, IL\n89,182 SF\nStarbucks, Walter E Smithe, Vegetarian Restaurant, New China Buffet, AAA Nail Hair Tan, Subway, KMJ Barbeque, Aldi, Americash Loans, Boost Mobile, Glendale Medical Center, Dominos Pizza, State Farm, Currency Exchange, Tobacco Store<\/p><\/div><\/div><\/div><div class=\"history\"><div class=\"date\">Asset Portfolio<\/div><div class=\"history-content\"><h3 class=\"title\">Round Lake Court<\/h3><div class=\"history-desc\"><p>Location GLA Tenants\nNec of Rollins Road &amp; Orchard Lane, Round Lake Beach, IL 24,500 SF\nKohl\u2019s, Office Max, Famous Footwear, Fashion Bug, Dollar Tree, Hallmark, Chilis, Mattress Firm, US Bank, Hair Cuttery, LeSpa Nails, Verizon Wireless, Jimano\u2019s Pizzeria, Panera Bread, Wendy\u2019s<\/p><\/div><\/div><\/div><\/div><div class=\"history-group\"><div class=\"history\"><div class=\"date\">Asset Portfolio<\/div><div class=\"history-content\"><h3 class=\"title\">Webster & Clybourn<\/h3><div class=\"history-desc\"><p>Location GLA Tenants\n2200 N Clybourn Avenue, Chicago, IL 3,940 SF\nCornerstone Cafe, Jimmy Johns<\/p><\/div><\/div><\/div><\/div><\/div>\n        <\/div><div class=\"mf-empty-space\" style=\"\"><div class=\"mf_empty_space_lg\"  style=\"height: 80px\"><\/div><div class=\"mf_empty_space_md\"  style=\"height: 50px\"><\/div><div class=\"mf_empty_space_xs\"  style=\"height: 50px\"><\/div><\/div><\/div><\/div><\/div><\/div><\/div><\/div><div class=\"vc_row wpb_row vc_row-fluid vc_custom_1580721032455 vc_row-has-fill vc_row-o-equal-height vc_row-o-content-middle vc_row-flex parallax no-parallax-mobile\"><div class=\"container\"><div class=\"row\"><div class=\"wpb_column vc_column_container vc_col-sm-12 vc_col-lg-9 vc_col-md-8\"><div class=\"vc_column-inner\"><div class=\"wpb_wrapper\"><h2 style=\"font-size: 20px;text-align: left\" class=\"vc_custom_heading fw-medium main-color vc_custom_1684451140984\" >Check out all Rentex's projects.<\/h2><div class=\"mf-empty-space\" style=\"\"><div class=\"mf_empty_space_lg\" ><\/div><div class=\"mf_empty_space_md\" ><\/div><div class=\"mf_empty_space_xs\"  style=\"height: 30px\"><\/div><\/div><\/div><\/div><\/div><div class=\"wpb_column vc_column_container vc_col-sm-12 vc_col-lg-3 vc_col-md-4\"><div class=\"vc_column-inner\"><div class=\"wpb_wrapper\"><div class=\"mf-button align-right style-1\"><a class=\"button mf-btn\" href=\"https:\/\/rentex.com.tr\/en\/projeler\/\" target=\"_blank\">PROJECTS<\/a><\/div><\/div><\/div><\/div><\/div><\/div><\/div>\n<\/section>","protected":false},"excerpt":{"rendered":"Hakk\u0131m\u0131zda Gayrimenkul sekt\u00f6r\u00fcn\u00fcn \u00f6nc\u00fc firmalar\u0131ndan biri olarak her m\u00fc\u015fterimiz i\u00e7in \u00f6zel \u00e7\u00f6z\u00fcmler sunuyoruz. Rentex Gayrimenkul, modernle\u015fen in\u015faat sekt\u00f6r\u00fcne yenilik\u00e7i ve farkl\u0131 bak\u0131\u015f a\u00e7\u0131lar\u0131 getirme, kazan\u00e7l\u0131 yat\u0131r\u0131m f\u0131rsatlar\u0131n\u0131 belirlemek ve bunlar\u0131 ba\u015far\u0131l\u0131 geli\u015fmelere d\u00f6n\u00fc\u015ft\u00fcrmek i\u00e7in uzmanl\u0131k, yenilik\u00e7ilik ve pazar dinamiklerine ili\u015fkin derin bir anlay\u0131\u015f\u0131 bir araya getirir. Gayrimenkul yat\u0131r\u0131m\u0131 ve geli\u015ftirmenin heyecan verici d\u00fcnyas\u0131nda yol al\u0131rken [...]","protected":false},"author":1,"featured_media":0,"parent":0,"menu_order":0,"comment_status":"closed","ping_status":"closed","template":"template-fullwidth.php","meta":{"footnotes":""},"class_list":["post-32","page","type-page","status-publish","hentry","no-thumb"],"_links":{"self":[{"href":"https:\/\/rentex.com.tr\/en\/wp-json\/wp\/v2\/pages\/32","targetHints":{"allow":["GET"]}}],"collection":[{"href":"https:\/\/rentex.com.tr\/en\/wp-json\/wp\/v2\/pages"}],"about":[{"href":"https:\/\/rentex.com.tr\/en\/wp-json\/wp\/v2\/types\/page"}],"author":[{"embeddable":true,"href":"https:\/\/rentex.com.tr\/en\/wp-json\/wp\/v2\/users\/1"}],"replies":[{"embeddable":true,"href":"https:\/\/rentex.com.tr\/en\/wp-json\/wp\/v2\/comments?post=32"}],"version-history":[{"count":18,"href":"https:\/\/rentex.com.tr\/en\/wp-json\/wp\/v2\/pages\/32\/revisions"}],"predecessor-version":[{"id":4198,"href":"https:\/\/rentex.com.tr\/en\/wp-json\/wp\/v2\/pages\/32\/revisions\/4198"}],"wp:attachment":[{"href":"https:\/\/rentex.com.tr\/en\/wp-json\/wp\/v2\/media?parent=32"}],"curies":[{"name":"wp","href":"https:\/\/api.w.org\/{rel}","templated":true}]}}